{"id":323,"date":"2025-02-14T07:21:41","date_gmt":"2025-02-14T07:21:41","guid":{"rendered":"https:\/\/herculesstaff.com\/?page_id=323"},"modified":"2025-06-15T05:20:30","modified_gmt":"2025-06-15T05:20:30","slug":"acerca-de","status":"publish","type":"page","link":"https:\/\/herculesstaff.com\/es\/acerca-de\/","title":{"rendered":"Acerca de"},"content":{"rendered":"<div data-elementor-type=\"wp-page\" data-elementor-id=\"323\" class=\"elementor elementor-323\" data-elementor-post-type=\"page\">\n\t\t\t\t<div class=\"elementor-element elementor-element-f8b34be bottom-blue-bar top-banner e-flex e-con-boxed wpr-equal-height-no e-con e-parent\" data-id=\"f8b34be\" data-element_type=\"container\" data-e-type=\"container\" data-settings=\"{&quot;background_background&quot;:&quot;classic&quot;}\">\n\t\t\t\t\t<div class=\"e-con-inner\">\n\t\t\t\t<div class=\"elementor-element elementor-element-da2dc58 heading-bug elementor-invisible elementor-widget elementor-widget-heading\" data-id=\"da2dc58\" data-element_type=\"widget\" data-e-type=\"widget\" data-settings=\"{&quot;_animation&quot;:&quot;fadeIn&quot;}\" data-widget_type=\"heading.default\">\n\t\t\t\t<div class=\"elementor-widget-container\">\n\t\t\t\t\t<h1 class=\"elementor-heading-title elementor-size-default\">Acerca de<\/h1>\t\t\t\t<\/div>\n\t\t\t\t<\/div>\n\t\t<div class=\"elementor-element elementor-element-b255632 e-con-full white-text-shadow e-flex wpr-equal-height-no e-con e-child\" data-id=\"b255632\" data-element_type=\"container\" data-e-type=\"container\">\n\t\t\t\t<div class=\"elementor-element elementor-element-91cac3f elementor-invisible elementor-widget elementor-widget-heading\" data-id=\"91cac3f\" data-element_type=\"widget\" data-e-type=\"widget\" data-settings=\"{&quot;_animation&quot;:&quot;fadeInUp&quot;,&quot;_animation_delay&quot;:150}\" data-widget_type=\"heading.default\">\n\t\t\t\t<div class=\"elementor-widget-container\">\n\t\t\t\t\t<h3 class=\"elementor-heading-title elementor-size-default\">\u00bfPor qu\u00e9 H\u00e9rcules? <br \/> Porque el nombre encaja.<\/h3>\t\t\t\t<\/div>\n\t\t\t\t<\/div>\n\t\t\t\t<\/div>\n\t\t\t\t\t<\/div>\n\t\t\t\t<\/div>\n\t\t<div class=\"elementor-element elementor-element-9bd3c44 content-row e-flex e-con-boxed wpr-equal-height-no e-con e-parent\" data-id=\"9bd3c44\" data-element_type=\"container\" data-e-type=\"container\" data-settings=\"{&quot;background_background&quot;:&quot;classic&quot;}\">\n\t\t\t\t\t<div class=\"e-con-inner\">\n\t\t\t\t<div class=\"elementor-element elementor-element-0cd9a71 max-1000 elementor-invisible elementor-widget elementor-widget-text-editor\" data-id=\"0cd9a71\" data-element_type=\"widget\" data-e-type=\"widget\" data-settings=\"{&quot;_animation&quot;:&quot;fadeIn&quot;}\" data-widget_type=\"text-editor.default\">\n\t\t\t\t<div class=\"elementor-widget-container\">\n\t\t\t\t\t\t\t\t\t<p>Cuando busc\u00e1bamos un nombre para nuestra empresa, quer\u00edamos algo s\u00f3lido, memorable y significativo. Quer\u00edamos un nombre que captara realmente la esencia de lo que somos y lo que representamos. H\u00e9rcules encabez\u00f3 inmediatamente nuestra lista por su asociaci\u00f3n con la fuerza. Sin embargo, m\u00e1s all\u00e1 de su capacidad f\u00edsica, tambi\u00e9n se consagr\u00f3 como defensor del hombre com\u00fan: alguien fuerte y capaz que quer\u00eda ayudar a los dem\u00e1s. Aqu\u00ed, en Hercules Workforce Solutions, encarnamos esas mismas caracter\u00edsticas cada d\u00eda. Tenemos los medios y el empuje para ayudar a nuestros asociados a conseguir un empleo significativo al tiempo que ayudamos a nuestros socios comerciales a alcanzar sus objetivos de productividad.<\/p>\t\t\t\t\t\t\t\t<\/div>\n\t\t\t\t<\/div>\n\t\t\t\t\t<\/div>\n\t\t\t\t<\/div>\n\t\t<div class=\"elementor-element elementor-element-c095d0a content-row e-flex e-con-boxed wpr-equal-height-no e-con e-parent\" data-id=\"c095d0a\" data-element_type=\"container\" data-e-type=\"container\" data-settings=\"{&quot;background_background&quot;:&quot;classic&quot;}\">\n\t\t\t\t\t<div class=\"e-con-inner\">\n\t\t\t\t<div class=\"elementor-element elementor-element-04098cc elementor-invisible elementor-widget elementor-widget-heading\" data-id=\"04098cc\" data-element_type=\"widget\" data-e-type=\"widget\" data-settings=\"{&quot;_animation&quot;:&quot;fadeInUp&quot;}\" data-widget_type=\"heading.default\">\n\t\t\t\t<div class=\"elementor-widget-container\">\n\t\t\t\t\t<h2 class=\"elementor-heading-title elementor-size-default\">C\u00f3mo empez\u00f3 H\u00e9rcules.<\/h2>\t\t\t\t<\/div>\n\t\t\t\t<\/div>\n\t\t\t\t<div class=\"elementor-element elementor-element-af132cd max-1000 elementor-invisible elementor-widget elementor-widget-text-editor\" data-id=\"af132cd\" data-element_type=\"widget\" data-e-type=\"widget\" data-settings=\"{&quot;_animation&quot;:&quot;fadeIn&quot;,&quot;_animation_delay&quot;:150}\" data-widget_type=\"text-editor.default\">\n\t\t\t\t<div class=\"elementor-widget-container\">\n\t\t\t\t\t\t\t\t\t<p>Antes de dedicarse a la dotaci\u00f3n de personal, los fundadores de H\u00e9rcules eran propietarios de empresas que depend\u00edan de empleados estacionales. Experimentaban habitualmente la frustraci\u00f3n de los trabajadores que carec\u00edan de compromiso, hasta el punto de no presentarse. Tambi\u00e9n sintieron el dolor de formar continuamente a gente nueva y vieron c\u00f3mo la rotaci\u00f3n de personal perjudicaba la productividad. Experimentar de primera mano la necesidad de una alternativa de personal mejor y a m\u00e1s largo plazo fue la g\u00e9nesis de Hercules Workforce Solutions. Diga adi\u00f3s a las puertas giratorias y hola a algo mejor.<\/p>\t\t\t\t\t\t\t\t<\/div>\n\t\t\t\t<\/div>\n\t\t\t\t\t<\/div>\n\t\t\t\t<\/div>\n\t\t<div class=\"elementor-element elementor-element-1e72b7d content-row e-flex e-con-boxed wpr-equal-height-no e-con e-parent\" data-id=\"1e72b7d\" data-element_type=\"container\" data-e-type=\"container\" data-settings=\"{&quot;background_background&quot;:&quot;classic&quot;}\">\n\t\t\t\t\t<div class=\"e-con-inner\">\n\t\t\t\t<div class=\"elementor-element elementor-element-12b62fa elementor-invisible elementor-widget elementor-widget-heading\" data-id=\"12b62fa\" data-element_type=\"widget\" data-e-type=\"widget\" data-settings=\"{&quot;_animation&quot;:&quot;fadeInUp&quot;}\" data-widget_type=\"heading.default\">\n\t\t\t\t<div class=\"elementor-widget-container\">\n\t\t\t\t\t<h2 class=\"elementor-heading-title elementor-size-default\">Nuestro equipo directivo.<\/h2>\t\t\t\t<\/div>\n\t\t\t\t<\/div>\n\t\t\t\t<div class=\"elementor-element elementor-element-06cfcc1 max-1000 elementor-invisible elementor-widget elementor-widget-text-editor\" data-id=\"06cfcc1\" data-element_type=\"widget\" data-e-type=\"widget\" data-settings=\"{&quot;_animation&quot;:&quot;fadeIn&quot;,&quot;_animation_delay&quot;:150}\" data-widget_type=\"text-editor.default\">\n\t\t\t\t<div class=\"elementor-widget-container\">\n\t\t\t\t\t\t\t\t\t<p>Nuestros fundadores reconocen la importancia de una mano de obra fiable. Al haber sido ellos mismos empresarios antes de dedicarse a la dotaci\u00f3n de personal, comprenden el valor del talento de calidad y altamente motivado. Tambi\u00e9n comprenden la importancia de contar con empleados satisfechos y agradecidos que disfruten formando parte de un entorno familiar. Desde el primer d\u00eda, ha existido una cultura de dedicaci\u00f3n, servicio y creaci\u00f3n de relaciones que es muy poco frecuente hoy en d\u00eda.<\/p>\t\t\t\t\t\t\t\t<\/div>\n\t\t\t\t<\/div>\n\t\t<div class=\"elementor-element elementor-element-05fee7c max-800 e-flex e-con-boxed wpr-equal-height-no e-con e-child\" data-id=\"05fee7c\" data-element_type=\"container\" data-e-type=\"container\">\n\t\t\t\t\t<div class=\"e-con-inner\">\n\t\t<div class=\"elementor-element elementor-element-ff6f23e e-con-full e-flex wpr-equal-height-no elementor-invisible e-con e-child\" data-id=\"ff6f23e\" data-element_type=\"container\" data-e-type=\"container\" data-settings=\"{&quot;animation&quot;:&quot;fadeIn&quot;}\">\n\t\t\t\t<div class=\"elementor-element elementor-element-cbbf758 elementor-widget elementor-widget-heading\" data-id=\"cbbf758\" data-element_type=\"widget\" data-e-type=\"widget\" data-widget_type=\"heading.default\">\n\t\t\t\t<div class=\"elementor-widget-container\">\n\t\t\t\t\t<h3 class=\"elementor-heading-title elementor-size-default\">Dorado <br \/>Holt<\/h3>\t\t\t\t<\/div>\n\t\t\t\t<\/div>\n\t\t\t\t<div class=\"elementor-element elementor-element-375a78d elementor-widget elementor-widget-heading\" data-id=\"375a78d\" data-element_type=\"widget\" data-e-type=\"widget\" data-widget_type=\"heading.default\">\n\t\t\t\t<div class=\"elementor-widget-container\">\n\t\t\t\t\t<h4 class=\"elementor-heading-title elementor-size-default\">Presidente<\/h4>\t\t\t\t<\/div>\n\t\t\t\t<\/div>\n\t\t\t\t<\/div>\n\t\t<div class=\"elementor-element elementor-element-43dabb7 e-con-full e-flex wpr-equal-height-no elementor-invisible e-con e-child\" data-id=\"43dabb7\" data-element_type=\"container\" data-e-type=\"container\" data-settings=\"{&quot;animation&quot;:&quot;fadeIn&quot;,&quot;animation_delay&quot;:75}\">\n\t\t\t\t<div class=\"elementor-element elementor-element-6d571e2 elementor-widget elementor-widget-heading\" data-id=\"6d571e2\" data-element_type=\"widget\" data-e-type=\"widget\" data-widget_type=\"heading.default\">\n\t\t\t\t<div class=\"elementor-widget-container\">\n\t\t\t\t\t<h3 class=\"elementor-heading-title elementor-size-default\">Tyler <br \/>Holt<\/h3>\t\t\t\t<\/div>\n\t\t\t\t<\/div>\n\t\t\t\t<div class=\"elementor-element elementor-element-648e369 elementor-widget elementor-widget-heading\" data-id=\"648e369\" data-element_type=\"widget\" data-e-type=\"widget\" data-widget_type=\"heading.default\">\n\t\t\t\t<div class=\"elementor-widget-container\">\n\t\t\t\t\t<h4 class=\"elementor-heading-title elementor-size-default\">DIRECTOR GENERAL<\/h4>\t\t\t\t<\/div>\n\t\t\t\t<\/div>\n\t\t\t\t<\/div>\n\t\t<div class=\"elementor-element elementor-element-ff436eb e-con-full e-flex wpr-equal-height-no elementor-invisible e-con e-child\" data-id=\"ff436eb\" data-element_type=\"container\" data-e-type=\"container\" data-settings=\"{&quot;animation&quot;:&quot;fadeIn&quot;,&quot;animation_delay&quot;:150}\">\n\t\t\t\t<div class=\"elementor-element elementor-element-663da5e elementor-widget elementor-widget-heading\" data-id=\"663da5e\" data-element_type=\"widget\" data-e-type=\"widget\" data-widget_type=\"heading.default\">\n\t\t\t\t<div class=\"elementor-widget-container\">\n\t\t\t\t\t<h3 class=\"elementor-heading-title elementor-size-default\">Caroline <br \/>Joven<\/h3>\t\t\t\t<\/div>\n\t\t\t\t<\/div>\n\t\t\t\t<div class=\"elementor-element elementor-element-a314447 elementor-widget elementor-widget-heading\" data-id=\"a314447\" data-element_type=\"widget\" data-e-type=\"widget\" data-widget_type=\"heading.default\">\n\t\t\t\t<div class=\"elementor-widget-container\">\n\t\t\t\t\t<h4 class=\"elementor-heading-title elementor-size-default\">DIRECTOR FINANCIERO<\/h4>\t\t\t\t<\/div>\n\t\t\t\t<\/div>\n\t\t\t\t<div class=\"elementor-element elementor-element-fddff67 elementor-shape-circle e-grid-align-mobile-center elementor-grid-0 e-grid-align-center elementor-widget elementor-widget-social-icons\" data-id=\"fddff67\" data-element_type=\"widget\" data-e-type=\"widget\" data-widget_type=\"social-icons.default\">\n\t\t\t\t<div class=\"elementor-widget-container\">\n\t\t\t\t\t\t\t<div class=\"elementor-social-icons-wrapper elementor-grid\" role=\"list\">\n\t\t\t\t\t\t\t<span class=\"elementor-grid-item\" role=\"listitem\">\n\t\t\t\t\t<a class=\"elementor-icon elementor-social-icon elementor-social-icon-linkedin-in elementor-animation-grow elementor-repeater-item-d510348\" href=\"https:\/\/www.linkedin.com\/search\/results\/all\/?fetchDeterministicClustersOnly=true&#038;heroEntityKey=urn%3Ali%3Afsd_profile%3AACoAABWINKwB20LQDRFaXyv2qbZigYoV8eb9tlo&#038;keywords=caroline%20young&#038;origin=RICH_QUERY_SUGGESTION&#038;position=0&#038;searchId=d10749c7-9b46-4775-840c-1ac2b4abca92&#038;sid=vVa&#038;spellCorrectionEnabled=false\" target=\"_blank\">\n\t\t\t\t\t\t<span class=\"elementor-screen-only\">Linkedin-in<\/span>\n\t\t\t\t\t\t<svg aria-hidden=\"true\" class=\"e-font-icon-svg e-fab-linkedin-in\" viewbox=\"0 0 448 512\" xmlns=\"http:\/\/www.w3.org\/2000\/svg\"><path d=\"M100.28 448H7.4V148.9h92.88zM53.79 108.1C24.09 108.1 0 83.5 0 53.8a53.79 53.79 0 0 1 107.58 0c0 29.7-24.1 54.3-53.79 54.3zM447.9 448h-92.68V302.4c0-34.7-.7-79.2-48.29-79.2-48.29 0-55.69 37.7-55.69 76.7V448h-92.78V148.9h89.08v40.8h1.3c12.4-23.5 42.69-48.3 87.88-48.3 94 0 111.28 61.9 111.28 142.3V448z\"><\/path><\/svg>\t\t\t\t\t<\/a>\n\t\t\t\t<\/span>\n\t\t\t\t\t\t\t<span class=\"elementor-grid-item\" role=\"listitem\">\n\t\t\t\t\t<a class=\"elementor-icon elementor-social-icon elementor-social-icon-envelope elementor-animation-grow elementor-repeater-item-fc62e36\" href=\"mailto:caroline@herculesstaff.com\" target=\"_blank\">\n\t\t\t\t\t\t<span class=\"elementor-screen-only\">Sobre<\/span>\n\t\t\t\t\t\t<svg aria-hidden=\"true\" class=\"e-font-icon-svg e-far-envelope\" viewbox=\"0 0 512 512\" xmlns=\"http:\/\/www.w3.org\/2000\/svg\"><path d=\"M464 64H48C21.49 64 0 85.49 0 112v288c0 26.51 21.49 48 48 48h416c26.51 0 48-21.49 48-48V112c0-26.51-21.49-48-48-48zm0 48v40.805c-22.422 18.259-58.168 46.651-134.587 106.49-16.841 13.247-50.201 45.072-73.413 44.701-23.208.375-56.579-31.459-73.413-44.701C106.18 199.465 70.425 171.067 48 152.805V112h416zM48 400V214.398c22.914 18.251 55.409 43.862 104.938 82.646 21.857 17.205 60.134 55.186 103.062 54.955 42.717.231 80.509-37.199 103.053-54.947 49.528-38.783 82.032-64.401 104.947-82.653V400H48z\"><\/path><\/svg>\t\t\t\t\t<\/a>\n\t\t\t\t<\/span>\n\t\t\t\t\t<\/div>\n\t\t\t\t\t\t<\/div>\n\t\t\t\t<\/div>\n\t\t\t\t<\/div>\n\t\t\t\t\t<\/div>\n\t\t\t\t<\/div>\n\t\t\t\t\t<\/div>\n\t\t\t\t<\/div>\n\t\t\t\t<\/div>","protected":false},"excerpt":{"rendered":"<p>Acerca de \u00bfPor qu\u00e9 H\u00e9rcules? Porque el nombre encaja. Cuando busc\u00e1bamos un nombre para nuestra empresa, quer\u00edamos algo s\u00f3lido, memorable y significativo. Quer\u00edamos un nombre que realmente captara la esencia de lo que somos y lo que representamos. H\u00e9rcules encabez\u00f3 inmediatamente nuestra lista por su asociaci\u00f3n con la fuerza. Sin embargo, m\u00e1s all\u00e1 de su capacidad f\u00edsica, tambi\u00e9n se consagr\u00f3 como defensor del hombre com\u00fan: alguien fuerte y capaz que quer\u00eda ayudar a los dem\u00e1s. Aqu\u00ed, en Hercules Workforce Solutions, encarnamos esas mismas caracter\u00edsticas cada d\u00eda. Tenemos los medios y el empuje para ayudar a nuestros asociados a conseguir un empleo significativo al tiempo que ayudamos a nuestros socios comerciales a alcanzar sus objetivos de productividad. C\u00f3mo empez\u00f3 H\u00e9rcules. Antes de dedicarse a la dotaci\u00f3n de personal, los fundadores de H\u00e9rcules eran propietarios de empresas que depend\u00edan de empleados estacionales. Experimentaban habitualmente la frustraci\u00f3n de los trabajadores que carec\u00edan de compromiso, hasta el punto de no presentarse. Tambi\u00e9n sintieron el dolor de formar continuamente a gente nueva y vieron c\u00f3mo la rotaci\u00f3n de personal perjudicaba la productividad. Experimentar de primera mano la necesidad de una alternativa de personal mejor y a m\u00e1s largo plazo fue la g\u00e9nesis de Hercules Workforce Solutions. Diga adi\u00f3s a las puertas giratorias y hola a algo mejor. Nuestro equipo directivo. Nuestros fundadores reconocen la importancia de una mano de obra fiable. Al haber sido ellos mismos empleadores antes de dedicarse a la dotaci\u00f3n de personal, comprenden el valor del talento de calidad y altamente motivado. Tambi\u00e9n comprenden la importancia de contar con empleados satisfechos y agradecidos que disfruten formando parte de un entorno familiar. Desde el primer d\u00eda, ha habido una cultura de dedicaci\u00f3n, servicio y creaci\u00f3n de relaciones que es muy poco frecuente hoy en d\u00eda\". Golden Holt Presidente Tyler Holt CEO Caroline Young CFO Linkedin-in Envelope<\/p>","protected":false},"author":1,"featured_media":0,"parent":0,"menu_order":0,"comment_status":"closed","ping_status":"closed","template":"elementor_header_footer","meta":{"_acf_changed":false,"footnotes":""},"class_list":["post-323","page","type-page","status-publish","hentry"],"acf":[],"yoast_head":"<!-- This site is optimized with the Yoast SEO plugin v27.4 - https:\/\/yoast.com\/product\/yoast-seo-wordpress\/ -->\n<title>About Hercules Workforce Solutions | Utah Staffing Agency<\/title>\n<meta name=\"description\" content=\"We have the means and the drive to help our associates gain meaningful employment while helping our businesses partners achieve their productivity goals.\" \/>\n<meta name=\"robots\" content=\"index, follow, max-snippet:-1, max-image-preview:large, max-video-preview:-1\" \/>\n<link rel=\"canonical\" href=\"https:\/\/herculesstaff.com\/es\/acerca-de\/\" \/>\n<meta property=\"og:locale\" content=\"es_MX\" \/>\n<meta property=\"og:type\" content=\"article\" \/>\n<meta property=\"og:title\" content=\"About Hercules Workforce Solutions | Utah Staffing Agency\" \/>\n<meta property=\"og:description\" content=\"We have the means and the drive to help our associates gain meaningful employment while helping our businesses partners achieve their productivity goals.\" \/>\n<meta property=\"og:url\" content=\"https:\/\/herculesstaff.com\/es\/acerca-de\/\" \/>\n<meta property=\"og:site_name\" content=\"Hercules Workforce Solutions\" \/>\n<meta property=\"article:publisher\" content=\"https:\/\/www.facebook.com\/herculesworkforce\" \/>\n<meta property=\"article:modified_time\" content=\"2025-06-15T05:20:30+00:00\" \/>\n<meta property=\"og:image\" content=\"https:\/\/herculesstaff.com\/wp-content\/uploads\/2025\/06\/hercules-open-graph.png\" \/>\n\t<meta property=\"og:image:width\" content=\"1200\" \/>\n\t<meta property=\"og:image:height\" content=\"630\" \/>\n\t<meta property=\"og:image:type\" content=\"image\/png\" \/>\n<meta name=\"twitter:card\" content=\"summary_large_image\" \/>\n<meta name=\"twitter:label1\" content=\"Tiempo de lectura\" \/>\n\t<meta name=\"twitter:data1\" content=\"2 minutos\" \/>\n<script type=\"application\/ld+json\" class=\"yoast-schema-graph\">{\"@context\":\"https:\\\/\\\/schema.org\",\"@graph\":[{\"@type\":\"WebPage\",\"@id\":\"https:\\\/\\\/herculesstaff.com\\\/about\\\/\",\"url\":\"https:\\\/\\\/herculesstaff.com\\\/about\\\/\",\"name\":\"About Hercules Workforce Solutions | Utah Staffing Agency\",\"isPartOf\":{\"@id\":\"https:\\\/\\\/herculesstaff.com\\\/#website\"},\"datePublished\":\"2025-02-14T07:21:41+00:00\",\"dateModified\":\"2025-06-15T05:20:30+00:00\",\"description\":\"We have the means and the drive to help our associates gain meaningful employment while helping our businesses partners achieve their productivity goals.\",\"breadcrumb\":{\"@id\":\"https:\\\/\\\/herculesstaff.com\\\/about\\\/#breadcrumb\"},\"inLanguage\":\"es\",\"potentialAction\":[{\"@type\":\"ReadAction\",\"target\":[\"https:\\\/\\\/herculesstaff.com\\\/about\\\/\"]}]},{\"@type\":\"BreadcrumbList\",\"@id\":\"https:\\\/\\\/herculesstaff.com\\\/about\\\/#breadcrumb\",\"itemListElement\":[{\"@type\":\"ListItem\",\"position\":1,\"name\":\"Home\",\"item\":\"https:\\\/\\\/herculesstaff.com\\\/\"},{\"@type\":\"ListItem\",\"position\":2,\"name\":\"About\"}]},{\"@type\":\"WebSite\",\"@id\":\"https:\\\/\\\/herculesstaff.com\\\/#website\",\"url\":\"https:\\\/\\\/herculesstaff.com\\\/\",\"name\":\"Hercules Staffing\",\"description\":\"\",\"publisher\":{\"@id\":\"https:\\\/\\\/herculesstaff.com\\\/#organization\"},\"potentialAction\":[{\"@type\":\"SearchAction\",\"target\":{\"@type\":\"EntryPoint\",\"urlTemplate\":\"https:\\\/\\\/herculesstaff.com\\\/?s={search_term_string}\"},\"query-input\":{\"@type\":\"PropertyValueSpecification\",\"valueRequired\":true,\"valueName\":\"search_term_string\"}}],\"inLanguage\":\"es\"},{\"@type\":\"Organization\",\"@id\":\"https:\\\/\\\/herculesstaff.com\\\/#organization\",\"name\":\"Hercules Staffing\",\"url\":\"https:\\\/\\\/herculesstaff.com\\\/\",\"logo\":{\"@type\":\"ImageObject\",\"inLanguage\":\"es\",\"@id\":\"https:\\\/\\\/herculesstaff.com\\\/#\\\/schema\\\/logo\\\/image\\\/\",\"url\":\"https:\\\/\\\/herculesstaff.com\\\/wp-content\\\/uploads\\\/2025\\\/06\\\/hercules-open-graph.png\",\"contentUrl\":\"https:\\\/\\\/herculesstaff.com\\\/wp-content\\\/uploads\\\/2025\\\/06\\\/hercules-open-graph.png\",\"width\":1200,\"height\":630,\"caption\":\"Hercules Staffing\"},\"image\":{\"@id\":\"https:\\\/\\\/herculesstaff.com\\\/#\\\/schema\\\/logo\\\/image\\\/\"},\"sameAs\":[\"https:\\\/\\\/www.facebook.com\\\/herculesworkforce\",\"https:\\\/\\\/www.linkedin.com\\\/company\\\/hercules-staffing-llc\\\/\",\"https:\\\/\\\/www.instagram.com\\\/herculesworkforce\\\/\",\"https:\\\/\\\/www.youtube.com\\\/channel\\\/UCUz294htPmVHkB6Z_7rMgpA\"]}]}<\/script>\n<!-- \/ Yoast SEO plugin. -->","yoast_head_json":{"title":"Acerca de Hercules Workforce Solutions | Utah Staffing Agency","description":"Tenemos los medios y el empuje para ayudar a nuestros asociados a conseguir un empleo significativo, al tiempo que ayudamos a nuestros socios comerciales a alcanzar sus objetivos de productividad.","robots":{"index":"index","follow":"follow","max-snippet":"max-snippet:-1","max-image-preview":"max-image-preview:large","max-video-preview":"max-video-preview:-1"},"canonical":"https:\/\/herculesstaff.com\/es\/acerca-de\/","og_locale":"es_MX","og_type":"article","og_title":"About Hercules Workforce Solutions | Utah Staffing Agency","og_description":"We have the means and the drive to help our associates gain meaningful employment while helping our businesses partners achieve their productivity goals.","og_url":"https:\/\/herculesstaff.com\/es\/acerca-de\/","og_site_name":"Hercules Workforce Solutions","article_publisher":"https:\/\/www.facebook.com\/herculesworkforce","article_modified_time":"2025-06-15T05:20:30+00:00","og_image":[{"width":1200,"height":630,"url":"https:\/\/herculesstaff.com\/wp-content\/uploads\/2025\/06\/hercules-open-graph.png","type":"image\/png"}],"twitter_card":"summary_large_image","twitter_misc":{"Tiempo de lectura":"2 minutos"},"schema":{"@context":"https:\/\/schema.org","@graph":[{"@type":"WebPage","@id":"https:\/\/herculesstaff.com\/about\/","url":"https:\/\/herculesstaff.com\/about\/","name":"Acerca de Hercules Workforce Solutions | Utah Staffing Agency","isPartOf":{"@id":"https:\/\/herculesstaff.com\/#website"},"datePublished":"2025-02-14T07:21:41+00:00","dateModified":"2025-06-15T05:20:30+00:00","description":"Tenemos los medios y el empuje para ayudar a nuestros asociados a conseguir un empleo significativo, al tiempo que ayudamos a nuestros socios comerciales a alcanzar sus objetivos de productividad.","breadcrumb":{"@id":"https:\/\/herculesstaff.com\/about\/#breadcrumb"},"inLanguage":"es","potentialAction":[{"@type":"ReadAction","target":["https:\/\/herculesstaff.com\/about\/"]}]},{"@type":"BreadcrumbList","@id":"https:\/\/herculesstaff.com\/about\/#breadcrumb","itemListElement":[{"@type":"ListItem","position":1,"name":"Home","item":"https:\/\/herculesstaff.com\/"},{"@type":"ListItem","position":2,"name":"About"}]},{"@type":"WebSite","@id":"https:\/\/herculesstaff.com\/#website","url":"https:\/\/herculesstaff.com\/","name":"Personal de H\u00e9rcules","description":"","publisher":{"@id":"https:\/\/herculesstaff.com\/#organization"},"potentialAction":[{"@type":"SearchAction","target":{"@type":"EntryPoint","urlTemplate":"https:\/\/herculesstaff.com\/?s={search_term_string}"},"query-input":{"@type":"PropertyValueSpecification","valueRequired":true,"valueName":"search_term_string"}}],"inLanguage":"es"},{"@type":"Organization","@id":"https:\/\/herculesstaff.com\/#organization","name":"Personal de H\u00e9rcules","url":"https:\/\/herculesstaff.com\/","logo":{"@type":"ImageObject","inLanguage":"es","@id":"https:\/\/herculesstaff.com\/#\/schema\/logo\/image\/","url":"https:\/\/herculesstaff.com\/wp-content\/uploads\/2025\/06\/hercules-open-graph.png","contentUrl":"https:\/\/herculesstaff.com\/wp-content\/uploads\/2025\/06\/hercules-open-graph.png","width":1200,"height":630,"caption":"Hercules Staffing"},"image":{"@id":"https:\/\/herculesstaff.com\/#\/schema\/logo\/image\/"},"sameAs":["https:\/\/www.facebook.com\/herculesworkforce","https:\/\/www.linkedin.com\/company\/hercules-staffing-llc\/","https:\/\/www.instagram.com\/herculesworkforce\/","https:\/\/www.youtube.com\/channel\/UCUz294htPmVHkB6Z_7rMgpA"]}]}},"_links":{"self":[{"href":"https:\/\/herculesstaff.com\/es\/wp-json\/wp\/v2\/pages\/323","targetHints":{"allow":["GET"]}}],"collection":[{"href":"https:\/\/herculesstaff.com\/es\/wp-json\/wp\/v2\/pages"}],"about":[{"href":"https:\/\/herculesstaff.com\/es\/wp-json\/wp\/v2\/types\/page"}],"author":[{"embeddable":true,"href":"https:\/\/herculesstaff.com\/es\/wp-json\/wp\/v2\/users\/1"}],"replies":[{"embeddable":true,"href":"https:\/\/herculesstaff.com\/es\/wp-json\/wp\/v2\/comments?post=323"}],"version-history":[{"count":103,"href":"https:\/\/herculesstaff.com\/es\/wp-json\/wp\/v2\/pages\/323\/revisions"}],"predecessor-version":[{"id":1422,"href":"https:\/\/herculesstaff.com\/es\/wp-json\/wp\/v2\/pages\/323\/revisions\/1422"}],"wp:attachment":[{"href":"https:\/\/herculesstaff.com\/es\/wp-json\/wp\/v2\/media?parent=323"}],"curies":[{"name":"wp","href":"https:\/\/api.w.org\/{rel}","templated":true}]}}